{"id":3323,"date":"2016-06-10T12:20:03","date_gmt":"2016-06-10T10:20:03","guid":{"rendered":"http:\/\/www.flugschule.com\/?page_id=3323"},"modified":"2016-07-04T13:28:42","modified_gmt":"2016-07-04T11:28:42","slug":"pilotenservice","status":"publish","type":"page","link":"https:\/\/www.mfa.aero\/de\/service\/pilotenservice\/","title":{"rendered":"Pilotenservice"},"content":{"rendered":"\n<style type=\"text\/css\" data-created_by=\"avia_inline_auto\" id=\"style-css-av-av_one_half-9497bbf8bff73ea4c6992cc17fa9ec36\">\n.flex_column.av-av_one_half-9497bbf8bff73ea4c6992cc17fa9ec36{\n-webkit-border-radius:0px 0px 0px 0px;\n-moz-border-radius:0px 0px 0px 0px;\nborder-radius:0px 0px 0px 0px;\npadding:0px 0px 0px 0px;\n}\n<\/style>\n<div class='flex_column av-av_one_half-9497bbf8bff73ea4c6992cc17fa9ec36 av_one_half  avia-builder-el-0  el_before_av_one_half  avia-builder-el-first  first flex_column_div av-zero-column-padding '     ><section  class='av_textblock_section av-av_textblock-0366cc7376be6c9e82a3e9cc8987b64f'  itemscope=\"itemscope\" itemtype=\"https:\/\/schema.org\/CreativeWork\" ><div class='avia_textblock'  itemprop=\"text\" ><h2>Planen Sie mit uns Ihre eigenen Stadtrundfl\u00fcge<\/h2>\n<p>z.B. \u00fcber Ihren Wohnort, mit Ihren Kinder, Verwandten, Arbeitskollegen. Als au\u00dfergew\u00f6hnliche Geschenkidee, zum Geburtstag, zur Konfirmation, oder als Hochzeitsgeschenk. Buchen Sie attraktive Eventfl\u00fcge, mit und ohne Zwischenlandung, f\u00fcr Ihre Gesch\u00e4ftsfreunde ein unvergessliches Erlebnis.<\/p>\n<p>Alle angebotenen Rundfl\u00fcge k\u00f6nnen Sie als repr\u00e4sentativ gestalteten Geschenkgutschein erwerben !<\/p>\n<p>Wir planen mit Ihnen zusammen Ihre Wunschroute, gerne mit einer Landung f\u00fcr eine Kaffee &#8211; Pause. Bei Wunsch bieten wir Ihnen auch gerne die Ausbildung zum Piloten an, vielleicht d\u00fcrfen wir Sie ja auch einmal ans Mittelmehr oder an die Nordsee entf\u00fchren und Ihnen die sch\u00f6nsten Inseln Europas zeigen?<\/p>\n<\/div><\/section><br \/>\n<div  class='hr av-av_hr-dcd2069817a0e3d34ae04cad8f3443c7 hr-default  avia-builder-el-2  el_after_av_textblock  el_before_av_notification '><span class='hr-inner '><span class=\"hr-inner-style\"><\/span><\/span><\/div><br \/>\n<div id='avia-messagebox-' class='avia_message_box av_notification av-av_notification-7798744192e83868cbc52ac107bb380a avia-color-green avia-size-large avia-icon_select-yes avia-border-  avia-builder-el-3  el_after_av_hr  el_before_av_button_big  avia-builder-el-last ' ><div class=\"avia_message_box_content\"><span class='avia_message_box_icon' aria-hidden='true' data-av_icon='\ue81f' data-av_iconfont='entypo-fontello'><\/span><p>Auch die ausf\u00fchrlichsten Informationsunterlagen k\u00f6nnen nicht alle individuellen Fragen kl\u00e4ren. Deshalb bieten wir Ihnen gerne die M\u00f6glichkeit zu einem Informationsgespr\u00e4ch. Rufen Sie uns einfach an, um einen Termin zu vereinbaren oder senden Sie uns eine E-Mail.<\/p>\n<\/div><\/div><br \/>\n<div  class='avia-button-wrap avia-button-center  avia-builder-el-4  el_after_av_notification  avia-builder-el-last '>\n<style type=\"text\/css\" data-created_by=\"avia_inline_auto\" id=\"style-css-av-av_button_big-33b3b08707a2c32aa012721c51093187\">\n#top #wrap_all .avia-button.av-av_button_big-33b3b08707a2c32aa012721c51093187{\ncolor:#ffffff;\n-webkit-transition:all 0.4s ease-in-out;\n-moz-transition:all 0.4s ease-in-out;\n-ms-transition:all 0.4s ease-in-out;\n-o-transition:all 0.4s ease-in-out;\ntransition:all 0.4s ease-in-out;\n}\n#top #wrap_all .avia-button.av-av_button_big-33b3b08707a2c32aa012721c51093187:hover{\nbackground-color:grey;\ncolor:#ffffff;\n-webkit-transition:all 0.4s ease-in-out;\n-moz-transition:all 0.4s ease-in-out;\n-ms-transition:all 0.4s ease-in-out;\n-o-transition:all 0.4s ease-in-out;\ntransition:all 0.4s ease-in-out;\n}\n<\/style>\n<a href='https:\/\/www.mfa.aero\/de\/kontakt\/' class='avia-color-theme-color avia-button avia-button-fullwidth av-av_button_big-33b3b08707a2c32aa012721c51093187 avia-icon_select-no avia-color-theme-color'  ><span class='avia_iconbox_title' >Anfrage<\/span><\/a><\/div><\/p><\/div>\n\n<style type=\"text\/css\" data-created_by=\"avia_inline_auto\" id=\"style-css-av-av_one_half-9c1d454dc06f7247226bc4e8f931daae\">\n.flex_column.av-av_one_half-9c1d454dc06f7247226bc4e8f931daae{\n-webkit-border-radius:0px 0px 0px 0px;\n-moz-border-radius:0px 0px 0px 0px;\nborder-radius:0px 0px 0px 0px;\npadding:0px 0px 0px 0px;\n}\n<\/style>\n<div class='flex_column av-av_one_half-9c1d454dc06f7247226bc4e8f931daae av_one_half  avia-builder-el-5  el_after_av_one_half  avia-builder-el-last  flex_column_div av-zero-column-padding '     ><p><div  class='avia-slideshow av-av_slideshow-18cdb586847a541722800b3c7d3177ae avia-slideshow-gallery av_slideshow avia-slide-slider  avia-builder-el-6  el_before_av_textblock  avia-builder-el-first  av-slideshow-ui av-slideshow-autoplay av-loop-endless av-loop-manual-endless av-default-height-applied avia-slideshow-1' data-slideshow-options=\"{&quot;animation&quot;:&quot;slide&quot;,&quot;autoplay&quot;:true,&quot;loop_autoplay&quot;:&quot;endless&quot;,&quot;interval&quot;:5,&quot;loop_manual&quot;:&quot;manual-endless&quot;,&quot;autoplay_stopper&quot;:false,&quot;noNavigation&quot;:false,&quot;bg_slider&quot;:false,&quot;keep_padding&quot;:false,&quot;hoverpause&quot;:false,&quot;show_slide_delay&quot;:0}\"  itemprop=\"image\" itemscope=\"itemscope\" itemtype=\"https:\/\/schema.org\/ImageObject\" ><ul class='avia-slideshow-inner ' style='padding-bottom: 80.94674556213%;'><li  class='avia-slideshow-slide av-av_slideshow-18cdb586847a541722800b3c7d3177ae__0  slide-1 slide-odd'><div data-rel='slideshow-1' class='avia-slide-wrap '   ><img decoding=\"async\" class=\"wp-image-3939 avia-img-lazy-loading-not-3939\"  src=\"https:\/\/www.mfa.aero\/wp-content\/uploads\/2016\/06\/2016-F-37000060-845x684.jpg\" width=\"845\" height=\"684\" title='2016-F-37000060' alt=''  itemprop=\"thumbnailUrl\" srcset=\"https:\/\/www.mfa.aero\/wp-content\/uploads\/2016\/06\/2016-F-37000060-845x684.jpg 845w, https:\/\/www.mfa.aero\/wp-content\/uploads\/2016\/06\/2016-F-37000060-495x400.jpg 495w\" sizes=\"(max-width: 845px) 100vw, 845px\" \/><\/div><\/li><li  class='avia-slideshow-slide av-av_slideshow-18cdb586847a541722800b3c7d3177ae__1  slide-2 slide-even'><div data-rel='slideshow-1' class='avia-slide-wrap '   ><img decoding=\"async\" class=\"wp-image-3934 avia-img-lazy-loading-not-3934\"  src=\"https:\/\/www.mfa.aero\/wp-content\/uploads\/2016\/06\/2016-F-37000055-845x684.jpg\" width=\"845\" height=\"684\" title='2016-F-37000055' alt=''  itemprop=\"thumbnailUrl\" srcset=\"https:\/\/www.mfa.aero\/wp-content\/uploads\/2016\/06\/2016-F-37000055-845x684.jpg 845w, https:\/\/www.mfa.aero\/wp-content\/uploads\/2016\/06\/2016-F-37000055-495x400.jpg 495w\" sizes=\"(max-width: 845px) 100vw, 845px\" \/><\/div><\/li><li  class='avia-slideshow-slide av-av_slideshow-18cdb586847a541722800b3c7d3177ae__2  slide-3 slide-odd'><div data-rel='slideshow-1' class='avia-slide-wrap '   ><img decoding=\"async\" class=\"wp-image-3928 avia-img-lazy-loading-not-3928\"  src=\"https:\/\/www.mfa.aero\/wp-content\/uploads\/2016\/06\/2016-F-37000049-845x684.jpg\" width=\"845\" height=\"684\" title='2016-F-37000049' alt=''  itemprop=\"thumbnailUrl\" srcset=\"https:\/\/www.mfa.aero\/wp-content\/uploads\/2016\/06\/2016-F-37000049-845x684.jpg 845w, https:\/\/www.mfa.aero\/wp-content\/uploads\/2016\/06\/2016-F-37000049-495x400.jpg 495w\" sizes=\"(max-width: 845px) 100vw, 845px\" \/><\/div><\/li><li  class='avia-slideshow-slide av-av_slideshow-18cdb586847a541722800b3c7d3177ae__3  slide-4 slide-even'><div data-rel='slideshow-1' class='avia-slide-wrap '   ><img decoding=\"async\" class=\"wp-image-3908 avia-img-lazy-loading-not-3908\"  src=\"https:\/\/www.mfa.aero\/wp-content\/uploads\/2016\/06\/2016-F-37000029-845x684.jpg\" width=\"845\" height=\"684\" title='2016-F-37000029' alt=''  itemprop=\"thumbnailUrl\" srcset=\"https:\/\/www.mfa.aero\/wp-content\/uploads\/2016\/06\/2016-F-37000029-845x684.jpg 845w, https:\/\/www.mfa.aero\/wp-content\/uploads\/2016\/06\/2016-F-37000029-495x400.jpg 495w\" sizes=\"(max-width: 845px) 100vw, 845px\" \/><\/div><\/li><\/ul><div class='avia-slideshow-arrows avia-slideshow-controls' ><a href='#prev' class='prev-slide ' aria-hidden='true' data-av_icon='\ue87c' data-av_iconfont='entypo-fontello'  tabindex='-1'>Zur\u00fcck<\/a><a href='#next' class='next-slide ' aria-hidden='true' data-av_icon='\ue87d' data-av_iconfont='entypo-fontello'  tabindex='-1'>Weiter<\/a><\/div><div class='avia-slideshow-dots avia-slideshow-controls'><a href='#1' class='goto-slide active' >1<\/a><a href='#2' class='goto-slide ' >2<\/a><a href='#3' class='goto-slide ' >3<\/a><a href='#4' class='goto-slide ' >4<\/a><\/div><\/div><br \/>\n<section  class='av_textblock_section av-av_textblock-0366cc7376be6c9e82a3e9cc8987b64f'  itemscope=\"itemscope\" itemtype=\"https:\/\/schema.org\/CreativeWork\" ><div class='avia_textblock'  itemprop=\"text\" ><p class=\"course-exc\"><span class=\"auto-style1\">Sicherheitshinweis:<\/span><\/p>\n<p class=\"course-exc\"><span class=\"auto-style1\">Zur Durchf\u00fchrung von Rund- und Streckenfl\u00fcgen mit Fluginteressierten \/ Passagieren sind Sicherheits-Standards f\u00fcr Flugzeug, Betrieb, Versicherung und Personal vorgeschrieben.<\/span><\/p>\n<p class=\"course-exc\"><span class=\"auto-style1\">Als Kunde erkennen Sie bei MFA die Erf\u00fcllung der gesetzlichen Sicherheits-Vorschriften an der Genehmigung des Luftfahrt-Bundesamtes Gen.Nr: DE.ATO.067 an.<\/span><\/p>\n<div class=\"course-meta\"><\/div>\n<div class=\"course-meta\"><\/div>\n<div class=\"course-meta\"><\/div>\n<\/div><\/section><\/p><\/div>\n","protected":false},"excerpt":{"rendered":"","protected":false},"author":2,"featured_media":0,"parent":3317,"menu_order":0,"comment_status":"closed","ping_status":"closed","template":"","meta":[],"_links":{"self":[{"href":"https:\/\/www.mfa.aero\/de\/wp-json\/wp\/v2\/pages\/3323"}],"collection":[{"href":"https:\/\/www.mfa.aero\/de\/wp-json\/wp\/v2\/pages"}],"about":[{"href":"https:\/\/www.mfa.aero\/de\/wp-json\/wp\/v2\/types\/page"}],"author":[{"embeddable":true,"href":"https:\/\/www.mfa.aero\/de\/wp-json\/wp\/v2\/users\/2"}],"replies":[{"embeddable":true,"href":"https:\/\/www.mfa.aero\/de\/wp-json\/wp\/v2\/comments?post=3323"}],"version-history":[{"count":4,"href":"https:\/\/www.mfa.aero\/de\/wp-json\/wp\/v2\/pages\/3323\/revisions"}],"predecessor-version":[{"id":5013,"href":"https:\/\/www.mfa.aero\/de\/wp-json\/wp\/v2\/pages\/3323\/revisions\/5013"}],"up":[{"embeddable":true,"href":"https:\/\/www.mfa.aero\/de\/wp-json\/wp\/v2\/pages\/3317"}],"wp:attachment":[{"href":"https:\/\/www.mfa.aero\/de\/wp-json\/wp\/v2\/media?parent=3323"}],"curies":[{"name":"wp","href":"https:\/\/api.w.org\/{rel}","templated":true}]}}