{"id":3337,"date":"2016-06-10T12:24:23","date_gmt":"2016-06-10T10:24:23","guid":{"rendered":"http:\/\/www.flugschule.com\/?page_id=3337"},"modified":"2022-02-15T17:31:45","modified_gmt":"2022-02-15T16:31:45","slug":"karriere","status":"publish","type":"page","link":"https:\/\/www.mfa.aero\/de\/service-fuer-piloten\/karriere\/","title":{"rendered":"Karriere"},"content":{"rendered":"\n<style type=\"text\/css\" data-created_by=\"avia_inline_auto\" id=\"style-css-av-h6ivih-b2afc2b7ca526073d32dc381922f6720\">\n.flex_column.av-h6ivih-b2afc2b7ca526073d32dc381922f6720{\n-webkit-border-radius:0px 0px 0px 0px;\n-moz-border-radius:0px 0px 0px 0px;\nborder-radius:0px 0px 0px 0px;\npadding:0px 0px 0px 0px;\n}\n<\/style>\n<div class='flex_column av-h6ivih-b2afc2b7ca526073d32dc381922f6720 av_one_half  avia-builder-el-0  el_before_av_one_half  avia-builder-el-first  first flex_column_div av-zero-column-padding '     ><section  class='av_textblock_section av-dshfxl-a89f69e834a48f9eeec2808f4f1fce57'  itemscope=\"itemscope\" itemtype=\"https:\/\/schema.org\/CreativeWork\" ><div class='avia_textblock'  itemprop=\"text\" ><h3><span style=\"font-family: arial, helvetica, sans-serif; color: #003366; font-size: 18pt;\"><img decoding=\"async\" src=\"https:\/\/www.mfa.aero\/wp-content\/uploads\/2022\/02\/MFA-FI01-1.jpg\" alt=\"\" \/><\/span><\/h3>\n<h2><\/h2>\n<h3><\/h3>\n<\/div><\/section><br \/>\n\n<style type=\"text\/css\" data-created_by=\"avia_inline_auto\" id=\"style-css-av-cehvzd-d1dfd0a34f8d970a046ad408ab4635e3\">\n#top .hr.hr-invisible.av-cehvzd-d1dfd0a34f8d970a046ad408ab4635e3{\nheight:30px;\n}\n<\/style>\n<div  class='hr av-cehvzd-d1dfd0a34f8d970a046ad408ab4635e3 hr-invisible  avia-builder-el-2  el_after_av_textblock  el_before_av_textblock '><span class='hr-inner '><span class=\"hr-inner-style\"><\/span><\/span><\/div><br \/>\n<section  class='av_textblock_section av-dshfxl-a89f69e834a48f9eeec2808f4f1fce57'  itemscope=\"itemscope\" itemtype=\"https:\/\/schema.org\/CreativeWork\" ><div class='avia_textblock'  itemprop=\"text\" ><h3><span style=\"font-family: arial, helvetica, sans-serif; color: #003366; font-size: 18pt;\">Fluglehrer\/in ab sofort f\u00fcr 2022 gesucht !<\/span><\/h3>\n<p><span style=\"font-family: arial, helvetica, sans-serif; color: #003366;\">Haben Sie Spa\u00df anderen die Faszination des Fliegens zu vermitteln?<\/span><\/p>\n<p><span style=\"font-family: arial, helvetica, sans-serif; color: #003366;\">Sie sind Fluglehrer und w\u00fcrden gerne in unserem Team mitmachen?<\/span><\/p>\n<p><span style=\"font-family: arial, helvetica, sans-serif; color: #003366;\">Wir freuen uns auf Ihre R\u00fcckmeldung unter post@mfa.aero.<\/span><\/p>\n<h3><span style=\"font-family: arial, helvetica, sans-serif; color: #003366; font-size: 18pt;\">Fluglehrer\/in ab sofort f\u00fcr 2022 gesucht !<\/span><\/h3>\n<h2><\/h2>\n<h3><\/h3>\n<\/div><\/section><br \/>\n\n<style type=\"text\/css\" data-created_by=\"avia_inline_auto\" id=\"style-css-av-cehvzd-d40ee3339d6e3ded375fecb2adb31bd1\">\n#top .hr.hr-invisible.av-cehvzd-d40ee3339d6e3ded375fecb2adb31bd1{\nheight:70px;\n}\n<\/style>\n<div  class='hr av-cehvzd-d40ee3339d6e3ded375fecb2adb31bd1 hr-invisible  avia-builder-el-4  el_after_av_textblock  el_before_av_textblock '><span class='hr-inner '><span class=\"hr-inner-style\"><\/span><\/span><\/div><br \/>\n<section  class='av_textblock_section av-dshfxl-a89f69e834a48f9eeec2808f4f1fce57'  itemscope=\"itemscope\" itemtype=\"https:\/\/schema.org\/CreativeWork\" ><div class='avia_textblock'  itemprop=\"text\" ><h3><span style=\"font-family: arial, helvetica, sans-serif; color: #003366; font-size: 18pt;\">Theorielehrer\/in (de\/en) f\u00fcr 2022 gesucht !<\/span><\/h3>\n<p><span style=\"font-family: arial, helvetica, sans-serif; color: #003366;\">Haben Sie Spa\u00df anderen die Faszination des Fliegens zu vermitteln?<\/span><\/p>\n<p><span style=\"font-family: arial, helvetica, sans-serif; color: #003366;\">Sie besitzen sehr gute theoretische und didaktische Kenntnisse und w\u00fcrden gerne in unserem Team mitmachen?<\/span><\/p>\n<p><span style=\"font-family: arial, helvetica, sans-serif; color: #003366;\">Sie besitzen fundierte F\u00e4higkeiten in deutscher und englischer Sprache zu unterrichten?<\/span><\/p>\n<p><span style=\"font-family: arial, helvetica, sans-serif; color: #003366;\">Wir freuen uns auf Ihre R\u00fcckmeldung unter post@mfa.aero.<\/span><\/p>\n<h3><span style=\"font-family: arial, helvetica, sans-serif; color: #003366; font-size: 18pt;\">Theorielehrer\/in (de\/en) f\u00fcr 2022 gesucht !<\/span><\/h3>\n<h2><\/h2>\n<h3><\/h3>\n<\/div><\/section><br \/>\n\n<style type=\"text\/css\" data-created_by=\"avia_inline_auto\" id=\"style-css-av-cehvzd-d40ee3339d6e3ded375fecb2adb31bd1\">\n#top .hr.hr-invisible.av-cehvzd-d40ee3339d6e3ded375fecb2adb31bd1{\nheight:70px;\n}\n<\/style>\n<div  class='hr av-cehvzd-d40ee3339d6e3ded375fecb2adb31bd1 hr-invisible  avia-builder-el-6  el_after_av_textblock  avia-builder-el-last '><span class='hr-inner '><span class=\"hr-inner-style\"><\/span><\/span><\/div><\/p><\/div>\n<style type=\"text\/css\" data-created_by=\"avia_inline_auto\" id=\"style-css-av-hji21-30fa0e28b29204dac55825de1ca27a3b\">\n.flex_column.av-hji21-30fa0e28b29204dac55825de1ca27a3b{\n-webkit-border-radius:0px 0px 0px 0px;\n-moz-border-radius:0px 0px 0px 0px;\nborder-radius:0px 0px 0px 0px;\npadding:0px 0px 0px 0px;\n}\n<\/style>\n<div class='flex_column av-hji21-30fa0e28b29204dac55825de1ca27a3b av_one_half  avia-builder-el-7  el_after_av_one_half  avia-builder-el-last  flex_column_div av-zero-column-padding '     ><section  class='av_textblock_section av-dshfxl-a89f69e834a48f9eeec2808f4f1fce57'  itemscope=\"itemscope\" itemtype=\"https:\/\/schema.org\/CreativeWork\" ><div class='avia_textblock'  itemprop=\"text\" ><h3><span style=\"font-family: arial, helvetica, sans-serif; color: #003366; font-size: 18pt;\"><img decoding=\"async\" src=\"https:\/\/www.mfa.aero\/wp-content\/uploads\/2022\/02\/MFA-FI01-1.jpg\" alt=\"\" \/><\/span><\/h3>\n<h2><\/h2>\n<h3><\/h3>\n<\/div><\/section><br \/>\n\n<style type=\"text\/css\" data-created_by=\"avia_inline_auto\" id=\"style-css-av-cehvzd-d40ee3339d6e3ded375fecb2adb31bd1\">\n#top .hr.hr-invisible.av-cehvzd-d40ee3339d6e3ded375fecb2adb31bd1{\nheight:70px;\n}\n<\/style>\n<div  class='hr av-cehvzd-d40ee3339d6e3ded375fecb2adb31bd1 hr-invisible  avia-builder-el-9  el_after_av_textblock  el_before_av_textblock '><span class='hr-inner '><span class=\"hr-inner-style\"><\/span><\/span><\/div><br \/>\n<section  class='av_textblock_section av-ae5i9l-eefa8ed957509fa868ec2809b7a3bce3'  itemscope=\"itemscope\" itemtype=\"https:\/\/schema.org\/CreativeWork\" ><div class='avia_textblock'  itemprop=\"text\" ><h3><\/h3>\n<h2><\/h2>\n<h3><span style=\"font-family: arial, helvetica, sans-serif; color: #003366;\">im Rahmen unserer Flugausbildung f\u00fchren wir durch:<\/span><\/h3>\n<p><span style=\"font-family: arial, helvetica, sans-serif; color: #003366;\">&#8211; die Ausbildung zum Fluglehrer<\/span><\/p>\n<p><span style=\"font-family: arial, helvetica, sans-serif; color: #003366;\">&#8211; die Weiterbildung zum Fluglehrer f\u00fcr Instrumentenflug oder mehrmotorige Flugzeuge<\/span><\/p>\n<p><span style=\"font-family: arial, helvetica, sans-serif; color: #003366;\">&#8211; Fluglehrerfortbildungen \/ Auffrischungsseminare zur Fluglehrerverl\u00e4ngerung<\/span><\/p>\n<p><span style=\"font-family: arial, helvetica, sans-serif; color: #003366;\">&#8211; Kompetenzbeurteilungen gem\u00e4\u00df FCL.935 f\u00fcr alle Fluglehrerberechtigungen<\/span><\/p>\n<\/div><\/section><br \/>\n\n<style type=\"text\/css\" data-created_by=\"avia_inline_auto\" id=\"style-css-av-cehvzd-d40ee3339d6e3ded375fecb2adb31bd1\">\n#top .hr.hr-invisible.av-cehvzd-d40ee3339d6e3ded375fecb2adb31bd1{\nheight:70px;\n}\n<\/style>\n<div  class='hr av-cehvzd-d40ee3339d6e3ded375fecb2adb31bd1 hr-invisible  avia-builder-el-11  el_after_av_textblock  el_before_av_image '><span class='hr-inner '><span class=\"hr-inner-style\"><\/span><\/span><\/div><br \/>\n\n<style type=\"text\/css\" data-created_by=\"avia_inline_auto\" id=\"style-css-av-39ie8p-64957928c02df5064a38645227cb392f\">\n.avia-image-container.av-39ie8p-64957928c02df5064a38645227cb392f img.avia_image{\nbox-shadow:none;\n}\n.avia-image-container.av-39ie8p-64957928c02df5064a38645227cb392f .av-image-caption-overlay-center{\ncolor:#ffffff;\n}\n<\/style>\n<div  class='avia-image-container av-39ie8p-64957928c02df5064a38645227cb392f av-styling- avia-align-center  avia-builder-el-12  el_after_av_hr  avia-builder-el-last '   itemprop=\"image\" itemscope=\"itemscope\" itemtype=\"https:\/\/schema.org\/ImageObject\" ><div class=\"avia-image-container-inner\"><div class=\"avia-image-overlay-wrap\"><img decoding=\"async\" class='wp-image-8552 avia-img-lazy-loading-not-8552 avia_image ' src=\"https:\/\/www.mfa.aero\/wp-content\/uploads\/2022\/02\/MFA-FLUGSCHULE--1030x361.jpg\" alt='' title='MFA FLUGSCHULE'  height=\"361\" width=\"1030\"  itemprop=\"thumbnailUrl\" srcset=\"https:\/\/www.mfa.aero\/wp-content\/uploads\/2022\/02\/MFA-FLUGSCHULE--1030x361.jpg 1030w, https:\/\/www.mfa.aero\/wp-content\/uploads\/2022\/02\/MFA-FLUGSCHULE--300x105.jpg 300w, https:\/\/www.mfa.aero\/wp-content\/uploads\/2022\/02\/MFA-FLUGSCHULE--768x269.jpg 768w, https:\/\/www.mfa.aero\/wp-content\/uploads\/2022\/02\/MFA-FLUGSCHULE--1536x538.jpg 1536w, https:\/\/www.mfa.aero\/wp-content\/uploads\/2022\/02\/MFA-FLUGSCHULE--2048x718.jpg 2048w, https:\/\/www.mfa.aero\/wp-content\/uploads\/2022\/02\/MFA-FLUGSCHULE--1500x526.jpg 1500w, https:\/\/www.mfa.aero\/wp-content\/uploads\/2022\/02\/MFA-FLUGSCHULE--705x247.jpg 705w, https:\/\/www.mfa.aero\/wp-content\/uploads\/2022\/02\/MFA-FLUGSCHULE--1210x423.jpg 1210w\" sizes=\"(max-width: 1030px) 100vw, 1030px\" \/><\/div><\/div><\/div><\/p><\/div><\/p>\n","protected":false},"excerpt":{"rendered":"","protected":false},"author":2,"featured_media":0,"parent":3533,"menu_order":0,"comment_status":"closed","ping_status":"closed","template":"","meta":[],"_links":{"self":[{"href":"https:\/\/www.mfa.aero\/de\/wp-json\/wp\/v2\/pages\/3337"}],"collection":[{"href":"https:\/\/www.mfa.aero\/de\/wp-json\/wp\/v2\/pages"}],"about":[{"href":"https:\/\/www.mfa.aero\/de\/wp-json\/wp\/v2\/types\/page"}],"author":[{"embeddable":true,"href":"https:\/\/www.mfa.aero\/de\/wp-json\/wp\/v2\/users\/2"}],"replies":[{"embeddable":true,"href":"https:\/\/www.mfa.aero\/de\/wp-json\/wp\/v2\/comments?post=3337"}],"version-history":[{"count":25,"href":"https:\/\/www.mfa.aero\/de\/wp-json\/wp\/v2\/pages\/3337\/revisions"}],"predecessor-version":[{"id":8564,"href":"https:\/\/www.mfa.aero\/de\/wp-json\/wp\/v2\/pages\/3337\/revisions\/8564"}],"up":[{"embeddable":true,"href":"https:\/\/www.mfa.aero\/de\/wp-json\/wp\/v2\/pages\/3533"}],"wp:attachment":[{"href":"https:\/\/www.mfa.aero\/de\/wp-json\/wp\/v2\/media?parent=3337"}],"curies":[{"name":"wp","href":"https:\/\/api.w.org\/{rel}","templated":true}]}}