{"id":3539,"date":"2016-06-19T11:27:58","date_gmt":"2016-06-19T09:27:58","guid":{"rendered":"http:\/\/www.flugschule.com\/?page_id=3539"},"modified":"2026-02-15T11:17:40","modified_gmt":"2026-02-15T10:17:40","slug":"ausbildung-zum-instrumentenflug","status":"publish","type":"page","link":"https:\/\/www.mfa.aero\/de\/ausbildungen\/ausbildung-zum-instrumentenflug\/","title":{"rendered":"Ausbildung zum Instrumentenflug"},"content":{"rendered":"\n<style type=\"text\/css\" data-created_by=\"avia_inline_auto\" id=\"style-css-av-24q3383-9bf307bc4c328ebbe6e163acada1fe2f\">\n.flex_column.av-24q3383-9bf307bc4c328ebbe6e163acada1fe2f{\n-webkit-border-radius:0px 0px 0px 0px;\n-moz-border-radius:0px 0px 0px 0px;\nborder-radius:0px 0px 0px 0px;\npadding:0px 0px 0px 0px;\n}\n<\/style>\n<div class='flex_column av-24q3383-9bf307bc4c328ebbe6e163acada1fe2f av_one_half  avia-builder-el-0  el_before_av_one_half  avia-builder-el-first  first flex_column_div av-zero-column-padding '     ><section  class='av_textblock_section av-23znfyr-78aa28c37cffe63834115afde0aa4851'  itemscope=\"itemscope\" itemtype=\"https:\/\/schema.org\/CreativeWork\" ><div class='avia_textblock'  itemprop=\"text\" ><h2><span style=\"font-family: arial, helvetica, sans-serif; color: #000080;\">Ausbildung \/ Training \/ Pr\u00fcfung f\u00fcr Instrumentenflug<\/span><\/h2>\n<p><span style=\"font-family: arial, helvetica, sans-serif; color: #000080;\">Der beste Weg um Ihre fliegerische Sicherheit zu erh\u00f6hen und ihre fliegerischen F\u00e4higkeiten zu optimieren.<\/span><\/p>\n<p><span style=\"font-family: arial, helvetica, sans-serif; color: #000080;\">Die Wahl der richtigen Flugschule und der richtigen Ausbildung nach den neuen europ\u00e4ischen Ausbildungsregeln ist f\u00fcr Sie nicht einfach. Sie sollten sich auf Grund der verschiedenen Berechtigungen und der hierzu m\u00f6glichen Ausbildungswege unbedingt VOR Beginn fachkundig beraten lassen.<\/span><\/p>\n<\/div><\/section><br \/>\n\n<style type=\"text\/css\" data-created_by=\"avia_inline_auto\" id=\"style-css-av-21fe42b-8b5827a624f353714320e2b18202ad25\">\n#top .hr.av-21fe42b-8b5827a624f353714320e2b18202ad25{\nmargin-top:10px;\nmargin-bottom:10px;\n}\n.hr.av-21fe42b-8b5827a624f353714320e2b18202ad25 .hr-inner{\nwidth:200;\n}\n<\/style>\n<div  class='hr av-21fe42b-8b5827a624f353714320e2b18202ad25 hr-custom  avia-builder-el-2  el_after_av_textblock  el_before_av_textblock  hr-center hr-icon-no'><span class='hr-inner inner-border-av-border-thin'><span class=\"hr-inner-style\"><\/span><\/span><\/div><br \/>\n<section  class='av_textblock_section av-20rlug3-485e0234f9cd19a6036b031d4e4b1183'  itemscope=\"itemscope\" itemtype=\"https:\/\/schema.org\/CreativeWork\" ><div class='avia_textblock'  itemprop=\"text\" ><p class=\"course-exc\"><span style=\"font-family: arial, helvetica, sans-serif;\">Ausbildungsbeginn: jederzeit m\u00f6glich<\/span><\/p>\n<p class=\"course-exc\"><span style=\"font-family: arial, helvetica, sans-serif;\">Voraussetzungen:<\/span><\/p>\n<div class=\"course-meta\">\n<div class=\"course-start\">\n<ul>\n<li><span style=\"font-family: arial, helvetica, sans-serif;\">Medical Klasse 1 oder 2 mit Reintonaudiometrie<\/span><\/li>\n<li><span style=\"font-family: arial, helvetica, sans-serif;\">g\u00fcltiger PPL(A) oder CPL(A)<\/span><\/li>\n<li><span style=\"font-family: arial, helvetica, sans-serif;\">Kenntnisse der englischen Sprache<\/span><\/li>\n<\/ul>\n<\/div>\n<\/div>\n<div class=\"course-meta\"><\/div>\n<div class=\"course-meta\"><\/div>\n<\/div><\/section><br \/>\n\n<style type=\"text\/css\" data-created_by=\"avia_inline_auto\" id=\"style-css-av-1crrler-ee987e890011f354e30105d8b73715a5\">\n#top .hr.hr-invisible.av-1crrler-ee987e890011f354e30105d8b73715a5{\nheight:50px;\n}\n<\/style>\n<div  class='hr av-1crrler-ee987e890011f354e30105d8b73715a5 hr-invisible  avia-builder-el-4  el_after_av_textblock  el_before_av_image '><span class='hr-inner '><span class=\"hr-inner-style\"><\/span><\/span><\/div><br \/>\n\n<style type=\"text\/css\" data-created_by=\"avia_inline_auto\" id=\"style-css-av-1axo9jn-1df3acd2ae901f13944b1f3c9caf86d9\">\n.avia-image-container.av-1axo9jn-1df3acd2ae901f13944b1f3c9caf86d9 img.avia_image{\nbox-shadow:none;\n}\n.avia-image-container.av-1axo9jn-1df3acd2ae901f13944b1f3c9caf86d9 .av-image-caption-overlay-center{\ncolor:#ffffff;\n}\n<\/style>\n<div  class='avia-image-container av-1axo9jn-1df3acd2ae901f13944b1f3c9caf86d9 av-styling- avia-align-center  avia-builder-el-5  el_after_av_hr  el_before_av_hr '   itemprop=\"image\" itemscope=\"itemscope\" itemtype=\"https:\/\/schema.org\/ImageObject\" ><div class=\"avia-image-container-inner\"><div class=\"avia-image-overlay-wrap\"><img decoding=\"async\" class='wp-image-3884 avia-img-lazy-loading-not-3884 avia_image ' src=\"https:\/\/www.mfa.aero\/wp-content\/uploads\/2016\/06\/2016-F-3700004-300x200.jpg\" alt='' title='Triebwerk A320'  height=\"200\" width=\"300\"  itemprop=\"thumbnailUrl\" srcset=\"https:\/\/www.mfa.aero\/wp-content\/uploads\/2016\/06\/2016-F-3700004-300x200.jpg 300w, https:\/\/www.mfa.aero\/wp-content\/uploads\/2016\/06\/2016-F-3700004-768x512.jpg 768w, https:\/\/www.mfa.aero\/wp-content\/uploads\/2016\/06\/2016-F-3700004-1030x687.jpg 1030w, https:\/\/www.mfa.aero\/wp-content\/uploads\/2016\/06\/2016-F-3700004-1500x1000.jpg 1500w, https:\/\/www.mfa.aero\/wp-content\/uploads\/2016\/06\/2016-F-3700004-705x470.jpg 705w, https:\/\/www.mfa.aero\/wp-content\/uploads\/2016\/06\/2016-F-3700004-450x300.jpg 450w, https:\/\/www.mfa.aero\/wp-content\/uploads\/2016\/06\/2016-F-3700004.jpg 1920w\" sizes=\"(max-width: 300px) 100vw, 300px\" \/><\/div><\/div><\/div><br \/>\n\n<style type=\"text\/css\" data-created_by=\"avia_inline_auto\" id=\"style-css-av-19vmnzn-d2890ac5c177db540b048418e818ebd3\">\n#top .hr.hr-invisible.av-19vmnzn-d2890ac5c177db540b048418e818ebd3{\nheight:50px;\n}\n<\/style>\n<div  class='hr av-19vmnzn-d2890ac5c177db540b048418e818ebd3 hr-invisible  avia-builder-el-6  el_after_av_image  el_before_av_button_big  avia-builder-el-last '><span class='hr-inner '><span class=\"hr-inner-style\"><\/span><\/span><\/div><br \/>\n<div  class='avia-button-wrap avia-button-center  avia-builder-el-7  el_after_av_hr  avia-builder-el-last '>\n<style type=\"text\/css\" data-created_by=\"avia_inline_auto\" id=\"style-css-av-3y4o9f-9772cd3e2ae6a3a718375a275af93703\">\n#top #wrap_all .avia-button.av-3y4o9f-9772cd3e2ae6a3a718375a275af93703{\ncolor:#ffffff;\n-webkit-transition:all 0.4s ease-in-out;\n-moz-transition:all 0.4s ease-in-out;\n-ms-transition:all 0.4s ease-in-out;\n-o-transition:all 0.4s ease-in-out;\ntransition:all 0.4s ease-in-out;\n}\n#top #wrap_all .avia-button.av-3y4o9f-9772cd3e2ae6a3a718375a275af93703:hover{\nbackground-color:grey;\ncolor:#ffffff;\n-webkit-transition:all 0.4s ease-in-out;\n-moz-transition:all 0.4s ease-in-out;\n-ms-transition:all 0.4s ease-in-out;\n-o-transition:all 0.4s ease-in-out;\ntransition:all 0.4s ease-in-out;\n}\n<\/style>\n<a href='https:\/\/www.mfa.aero\/de\/kontakt\/' class='avia-color-theme-color avia-button avia-button-fullwidth av-3y4o9f-9772cd3e2ae6a3a718375a275af93703 avia-icon_select-no avia-color-theme-color'  ><span class='avia_iconbox_title' >Anfrage f\u00fcr eine Instrumentenflugausbildung <\/span><\/a><\/div><\/p><\/div>\n<style type=\"text\/css\" data-created_by=\"avia_inline_auto\" id=\"style-css-av-11lxpsz-35850cbded084331ef8555fc765192bb\">\n.flex_column.av-11lxpsz-35850cbded084331ef8555fc765192bb{\n-webkit-border-radius:0px 0px 0px 0px;\n-moz-border-radius:0px 0px 0px 0px;\nborder-radius:0px 0px 0px 0px;\npadding:0px 0px 0px 0px;\n}\n<\/style>\n<div class='flex_column av-11lxpsz-35850cbded084331ef8555fc765192bb av_one_half  avia-builder-el-8  el_after_av_one_half  avia-builder-el-last  flex_column_div av-zero-column-padding '     ><p><div  class='avia-slideshow av-zss92r-a5d42ed63c9d08a0bfd74e7ec4f9576f avia-slideshow-gallery av_slideshow avia-slide-slider  avia-builder-el-9  el_before_av_button_big  avia-builder-el-no-sibling  av-slideshow-ui av-control-default av-slideshow-autoplay av-loop-endless av-loop-manual-endless av-default-height-applied avia-slideshow-1' data-slideshow-options=\"{&quot;animation&quot;:&quot;slide&quot;,&quot;autoplay&quot;:true,&quot;loop_autoplay&quot;:&quot;endless&quot;,&quot;interval&quot;:5,&quot;loop_manual&quot;:&quot;manual-endless&quot;,&quot;autoplay_stopper&quot;:false,&quot;noNavigation&quot;:false,&quot;bg_slider&quot;:false,&quot;keep_padding&quot;:false,&quot;hoverpause&quot;:false,&quot;show_slide_delay&quot;:0}\"  itemprop=\"image\" itemscope=\"itemscope\" itemtype=\"https:\/\/schema.org\/ImageObject\" ><ul class='avia-slideshow-inner ' style='padding-bottom: 80.94674556213%;'><li  class='avia-slideshow-slide av-zss92r-a5d42ed63c9d08a0bfd74e7ec4f9576f__0  slide-1 slide-odd'><div data-rel='slideshow-1' class='avia-slide-wrap '   ><img decoding=\"async\" class=\"wp-image-3951 avia-img-lazy-loading-not-3951\"  src=\"https:\/\/www.mfa.aero\/wp-content\/uploads\/2016\/06\/2016-F-37000072-845x684.jpg\" width=\"845\" height=\"684\" title='MFA - Seneca - DGMFA' alt=''  itemprop=\"thumbnailUrl\" srcset=\"https:\/\/www.mfa.aero\/wp-content\/uploads\/2016\/06\/2016-F-37000072-845x684.jpg 845w, https:\/\/www.mfa.aero\/wp-content\/uploads\/2016\/06\/2016-F-37000072-495x400.jpg 495w\" sizes=\"(max-width: 845px) 100vw, 845px\" \/><\/div><\/li><li  class='avia-slideshow-slide av-zss92r-a5d42ed63c9d08a0bfd74e7ec4f9576f__1  slide-2 slide-even'><div data-rel='slideshow-1' class='avia-slide-wrap '   ><img decoding=\"async\" class=\"wp-image-3889 avia-img-lazy-loading-not-3889\"  src=\"https:\/\/www.mfa.aero\/wp-content\/uploads\/2016\/06\/2016-F-3700009-845x684.jpg\" width=\"845\" height=\"684\" title='2016-F-3700009' alt=''  itemprop=\"thumbnailUrl\" srcset=\"https:\/\/www.mfa.aero\/wp-content\/uploads\/2016\/06\/2016-F-3700009-845x684.jpg 845w, https:\/\/www.mfa.aero\/wp-content\/uploads\/2016\/06\/2016-F-3700009-495x400.jpg 495w\" sizes=\"(max-width: 845px) 100vw, 845px\" \/><\/div><\/li><li  class='avia-slideshow-slide av-zss92r-a5d42ed63c9d08a0bfd74e7ec4f9576f__2  slide-3 slide-odd'><div data-rel='slideshow-1' class='avia-slide-wrap '   ><img decoding=\"async\" class=\"wp-image-3915 avia-img-lazy-loading-not-3915\"  src=\"https:\/\/www.mfa.aero\/wp-content\/uploads\/2016\/06\/2016-F-37000036-845x684.jpg\" width=\"845\" height=\"684\" title='2016-F-37000036' alt=''  itemprop=\"thumbnailUrl\" srcset=\"https:\/\/www.mfa.aero\/wp-content\/uploads\/2016\/06\/2016-F-37000036-845x684.jpg 845w, https:\/\/www.mfa.aero\/wp-content\/uploads\/2016\/06\/2016-F-37000036-495x400.jpg 495w\" sizes=\"(max-width: 845px) 100vw, 845px\" \/><\/div><\/li><\/ul><div class='avia-slideshow-arrows avia-slideshow-controls' ><a href='#prev' class='prev-slide ' aria-hidden='true' data-av_icon='\ue87c' data-av_iconfont='entypo-fontello'  tabindex='-1'>Zur\u00fcck<\/a><a href='#next' class='next-slide ' aria-hidden='true' data-av_icon='\ue87d' data-av_iconfont='entypo-fontello'  tabindex='-1'>Weiter<\/a><\/div><div class='avia-slideshow-dots avia-slideshow-controls'><a href='#1' class='goto-slide active' >1<\/a><a href='#2' class='goto-slide ' >2<\/a><a href='#3' class='goto-slide ' >3<\/a><\/div><\/div><br \/>\n<div  class='avia-button-wrap avia-button-center  avia-builder-el-10  el_after_av_slideshow  el_before_av_textblock '>\n<style type=\"text\/css\" data-created_by=\"avia_inline_auto\" id=\"style-css-av-sdz9r7-c5d7f297bf35bbbfc0cae32f9f48c021\">\n#top #wrap_all .avia-button.av-sdz9r7-c5d7f297bf35bbbfc0cae32f9f48c021{\ncolor:#ffffff;\n-webkit-transition:all 0.4s ease-in-out;\n-moz-transition:all 0.4s ease-in-out;\n-ms-transition:all 0.4s ease-in-out;\n-o-transition:all 0.4s ease-in-out;\ntransition:all 0.4s ease-in-out;\n}\n#top #wrap_all .avia-button.av-sdz9r7-c5d7f297bf35bbbfc0cae32f9f48c021:hover{\nbackground-color:grey;\ncolor:#ffffff;\n-webkit-transition:all 0.4s ease-in-out;\n-moz-transition:all 0.4s ease-in-out;\n-ms-transition:all 0.4s ease-in-out;\n-o-transition:all 0.4s ease-in-out;\ntransition:all 0.4s ease-in-out;\n}\n<\/style>\n<a href='https:\/\/www.mfa.aero\/de\/kontakt\/' class='avia-color-theme-color avia-button avia-button-fullwidth av-sdz9r7-c5d7f297bf35bbbfc0cae32f9f48c021 avia-icon_select-no avia-color-theme-color'  ><span class='avia_iconbox_title' >Anfrage f\u00fcr eine Beratung Instrumentenflug <\/span><div class='av-button-description av-button-description-below'><p>Testen Sie : Schnupperausbildungsstunde Instrumentenflug<\/p>\n<\/div><\/a><\/div><br \/>\n<section  class='av_textblock_section av-rcpr03-c065ad3a3334c14a205042b38b1e7d00'  itemscope=\"itemscope\" itemtype=\"https:\/\/schema.org\/CreativeWork\" ><div class='avia_textblock'  itemprop=\"text\" ><p style=\"text-align: left;\">\n<p style=\"text-align: left;\">\n<p style=\"text-align: left;\"><span style=\"font-family: arial, helvetica, sans-serif; font-size: 14pt;\"><em><span style=\"color: #000080;\">Safety letter der kanadischen Luftfahrtbeh\u00f6rde:<\/span><\/em>\u00a0\u00a0<a href=\"https:\/\/www.mfa.aero\/wp-content\/uploads\/2017\/01\/178sec.pdf\" target=\"_blank\" rel=\"noopener\">Noch 178 Sekunden<\/a><\/span><\/p>\n<\/div><\/section><br \/>\n\n<style type=\"text\/css\" data-created_by=\"avia_inline_auto\" id=\"style-css-av-p2sag3-c29c6698fca09207d04154ad9f0a1d04\">\n#top .hr.hr-invisible.av-p2sag3-c29c6698fca09207d04154ad9f0a1d04{\nheight:20px;\n}\n<\/style>\n<div  class='hr av-p2sag3-c29c6698fca09207d04154ad9f0a1d04 hr-invisible  avia-builder-el-12  el_after_av_textblock  el_before_av_textblock '><span class='hr-inner '><span class=\"hr-inner-style\"><\/span><\/span><\/div><br \/>\n<section  class='av_textblock_section av-ole7v7-39d2178767c026a7ff009bfba28fc74a'  itemscope=\"itemscope\" itemtype=\"https:\/\/schema.org\/CreativeWork\" ><div class='avia_textblock'  itemprop=\"text\" ><p><span style=\"font-family: arial, helvetica, sans-serif; font-size: 12pt; color: #000080;\"><strong>Instrumentenflug &#8211; Training &amp; Pr\u00fcfung &#8211; der beste Weg zur Verbesserung Ihrer Fliegerischen Kenntnisse<\/strong><\/span><\/p>\n<p><span style=\"font-family: arial, helvetica, sans-serif; font-size: 12pt; color: #000080;\"><strong>wir beraten Sie gerne &#8211; kompetent und verl\u00e4sslich<\/strong><\/span><\/p>\n<p style=\"text-align: left;\"><span style=\"font-family: arial, helvetica, sans-serif; color: #000080;\">MFA ist f\u00fcr Instrumentenflug Training und Pr\u00fcfungsabnahme f\u00fcr ein- und mehrmotorig zugelassen.<\/span><\/p>\n<p style=\"text-align: left;\">\n<p style=\"text-align: left;\">\n<p style=\"text-align: left;\">\n<\/div><\/section><br \/>\n\n<style type=\"text\/css\" data-created_by=\"avia_inline_auto\" id=\"style-css-av-n0z6kz-9f6432ed16687c3fc800b0db211630c2\">\n#top .hr.hr-invisible.av-n0z6kz-9f6432ed16687c3fc800b0db211630c2{\nheight:50px;\n}\n<\/style>\n<div  class='hr av-n0z6kz-9f6432ed16687c3fc800b0db211630c2 hr-invisible  avia-builder-el-14  el_after_av_textblock  el_before_av_image '><span class='hr-inner '><span class=\"hr-inner-style\"><\/span><\/span><\/div><br \/>\n\n<style type=\"text\/css\" data-created_by=\"avia_inline_auto\" id=\"style-css-av-2457ab-89c4d8cfed4d9c9f7bf2fbd17a842dc2\">\n.avia-image-container.av-2457ab-89c4d8cfed4d9c9f7bf2fbd17a842dc2 img.avia_image{\nbox-shadow:none;\n}\n.avia-image-container.av-2457ab-89c4d8cfed4d9c9f7bf2fbd17a842dc2 .av-image-caption-overlay-center{\ncolor:#ffffff;\n}\n<\/style>\n<div  class='avia-image-container av-2457ab-89c4d8cfed4d9c9f7bf2fbd17a842dc2 av-styling- avia-align-center  avia-builder-el-15  el_after_av_hr  avia-builder-el-last '   itemprop=\"image\" itemscope=\"itemscope\" itemtype=\"https:\/\/schema.org\/ImageObject\" ><div class=\"avia-image-container-inner\"><div class=\"avia-image-overlay-wrap\"><img decoding=\"async\" class='wp-image-3545 avia-img-lazy-loading-not-3545 avia_image ' src=\"https:\/\/www.mfa.aero\/wp-content\/uploads\/2016\/06\/cropped-FNPT812Start-mfa-300x300.jpg\" alt='' title='cropped-FNPT812Start-mfa.jpg'  height=\"300\" width=\"300\"  itemprop=\"thumbnailUrl\"  \/><\/div><\/div><\/div><\/p><\/div><\/p>\n","protected":false},"excerpt":{"rendered":"","protected":false},"author":3,"featured_media":0,"parent":3526,"menu_order":0,"comment_status":"closed","ping_status":"closed","template":"","meta":[],"_links":{"self":[{"href":"https:\/\/www.mfa.aero\/de\/wp-json\/wp\/v2\/pages\/3539"}],"collection":[{"href":"https:\/\/www.mfa.aero\/de\/wp-json\/wp\/v2\/pages"}],"about":[{"href":"https:\/\/www.mfa.aero\/de\/wp-json\/wp\/v2\/types\/page"}],"author":[{"embeddable":true,"href":"https:\/\/www.mfa.aero\/de\/wp-json\/wp\/v2\/users\/3"}],"replies":[{"embeddable":true,"href":"https:\/\/www.mfa.aero\/de\/wp-json\/wp\/v2\/comments?post=3539"}],"version-history":[{"count":132,"href":"https:\/\/www.mfa.aero\/de\/wp-json\/wp\/v2\/pages\/3539\/revisions"}],"predecessor-version":[{"id":9434,"href":"https:\/\/www.mfa.aero\/de\/wp-json\/wp\/v2\/pages\/3539\/revisions\/9434"}],"up":[{"embeddable":true,"href":"https:\/\/www.mfa.aero\/de\/wp-json\/wp\/v2\/pages\/3526"}],"wp:attachment":[{"href":"https:\/\/www.mfa.aero\/de\/wp-json\/wp\/v2\/media?parent=3539"}],"curies":[{"name":"wp","href":"https:\/\/api.w.org\/{rel}","templated":true}]}}