{"id":4366,"date":"2016-09-09T16:43:25","date_gmt":"2016-09-09T14:43:25","guid":{"rendered":"http:\/\/www.flugschule.com\/?page_id=4366"},"modified":"2016-09-09T16:43:25","modified_gmt":"2016-09-09T14:43:25","slug":"rundflug-rundflugammersee","status":"publish","type":"page","link":"https:\/\/www.mfa.aero\/de\/rundflug-rundflugammersee\/","title":{"rendered":"Rundflug Zugspitze &#8211; Neuschwanstein"},"content":{"rendered":"\n<style type=\"text\/css\" data-created_by=\"avia_inline_auto\" id=\"style-css-av-av_two_third-9497bbf8bff73ea4c6992cc17fa9ec36\">\n.flex_column.av-av_two_third-9497bbf8bff73ea4c6992cc17fa9ec36{\n-webkit-border-radius:0px 0px 0px 0px;\n-moz-border-radius:0px 0px 0px 0px;\nborder-radius:0px 0px 0px 0px;\npadding:0px 0px 0px 0px;\n}\n<\/style>\n<div class='flex_column av-av_two_third-9497bbf8bff73ea4c6992cc17fa9ec36 av_two_third  avia-builder-el-0  el_before_av_one_third  avia-builder-el-first  first flex_column_div av-zero-column-padding '     ><section  class='av_textblock_section av-av_textblock-0366cc7376be6c9e82a3e9cc8987b64f'  itemscope=\"itemscope\" itemtype=\"https:\/\/schema.org\/CreativeWork\" ><div class='avia_textblock'  itemprop=\"text\" ><h1>Rundflug \u00a0Alpen &#8211; Neuschwanstein<\/h1>\n<h3>Kurzbeschreibung<\/h3>\n<div class=\"prod-det-middle\">\n<p>Rundflug\u00a0Neuschwanstein &#8211; Alpen<\/p>\n<\/div>\n<div class=\"prod-det-middle\">\n<h3>Detailbeschreibung<\/h3>\n<p>Rundflug:\u00a0Armmersee &#8211; Neuschwanstein &#8211; Alpen &#8211; Zugspitze<\/p>\n<\/div>\n<h3 class=\"prod-det-middle\">Leistungsbeschreibung<\/h3>\n<div class=\"prod-det-middle\">\n<p>Flugdauer ca. 1 Stunde 45 Minuten<\/p>\n<\/div>\n<div class=\"prod-det-middle\">\n<h3>Teilnahmevoraussetzungen<\/h3>\n<p>Kinder sind nur in Begleitung eines Erwachsenen zul\u00e4ssig<\/p>\n<\/div>\n<div class=\"prod-det-middle\">\n<h3>Was Sie mitbringen m\u00fcssen<\/h3>\n<p>Keine besondere Bekleidung erforderlich.<\/p>\n<\/div>\n<div class=\"prod-det-middle\"><\/div>\n<div class=\"prod-det-middle\">\n<h3>Hinweise<\/h3>\n<p>Bei schlechtem Flugwetter beh\u00e4lt sich MFA die Verschiebung von Flugterminen vor.<\/p>\n<\/div>\n<\/div><\/section><br \/>\n<div  class='hr av-av_hr-dcd2069817a0e3d34ae04cad8f3443c7 hr-default  avia-builder-el-2  el_after_av_textblock  el_before_av_button_big  avia-builder-el-last '><span class='hr-inner '><span class=\"hr-inner-style\"><\/span><\/span><\/div><br \/>\n<div  class='avia-button-wrap avia-button-center  avia-builder-el-3  el_after_av_hr  el_before_av_hr '>\n<style type=\"text\/css\" data-created_by=\"avia_inline_auto\" id=\"style-css-av-av_button_big-46b185f1a0b3cea8ccfab4a15b0c82bd\">\n#top #wrap_all .avia-button.av-av_button_big-46b185f1a0b3cea8ccfab4a15b0c82bd{\ncolor:#ffffff;\n-webkit-transition:all 0.4s ease-in-out;\n-moz-transition:all 0.4s ease-in-out;\n-ms-transition:all 0.4s ease-in-out;\n-o-transition:all 0.4s ease-in-out;\ntransition:all 0.4s ease-in-out;\n}\n#top #wrap_all .avia-button.av-av_button_big-46b185f1a0b3cea8ccfab4a15b0c82bd:hover{\nbackground-color:grey;\ncolor:#ffffff;\n-webkit-transition:all 0.4s ease-in-out;\n-moz-transition:all 0.4s ease-in-out;\n-ms-transition:all 0.4s ease-in-out;\n-o-transition:all 0.4s ease-in-out;\ntransition:all 0.4s ease-in-out;\n}\n<\/style>\n<a href='' class='avia-color-theme-color avia-button avia-button-fullwidth av-av_button_big-46b185f1a0b3cea8ccfab4a15b0c82bd avia-icon_select-no avia-color-theme-color'  ><span class='avia_iconbox_title' >Jetzt Buchen<\/span><\/a><\/div><br \/>\n<div  class='hr av-av_hr-dcd2069817a0e3d34ae04cad8f3443c7 hr-default  avia-builder-el-4  el_after_av_button_big  el_before_av_notification  avia-builder-el-first '><span class='hr-inner '><span class=\"hr-inner-style\"><\/span><\/span><\/div><br \/>\n<div id='avia-messagebox-' class='avia_message_box av_notification av-av_notification-7798744192e83868cbc52ac107bb380a avia-color-green avia-size-large avia-icon_select-yes avia-border-  avia-builder-el-5  el_after_av_hr  avia-builder-el-last ' ><div class=\"avia_message_box_content\"><span class='avia_message_box_icon' aria-hidden='true' data-av_icon='\ue81f' data-av_iconfont='entypo-fontello'><\/span><p>Auch die ausf\u00fchrlichsten Informationsunterlagen k\u00f6nnen nicht alle individuellen Fragen kl\u00e4ren. Deshalb bieten wir Ihnen gerne die M\u00f6glichkeit zu einem Informationsgespr\u00e4ch. Rufen Sie uns einfach an, um einen Termin zu vereinbaren oder senden Sie uns eine E-Mail.<\/p>\n<\/div><\/div><\/p><\/div>\n<style type=\"text\/css\" data-created_by=\"avia_inline_auto\" id=\"style-css-av-av_one_third-9c1d454dc06f7247226bc4e8f931daae\">\n.flex_column.av-av_one_third-9c1d454dc06f7247226bc4e8f931daae{\n-webkit-border-radius:0px 0px 0px 0px;\n-moz-border-radius:0px 0px 0px 0px;\nborder-radius:0px 0px 0px 0px;\npadding:0px 0px 0px 0px;\n}\n<\/style>\n<div class='flex_column av-av_one_third-9c1d454dc06f7247226bc4e8f931daae av_one_third  avia-builder-el-6  el_after_av_two_third  avia-builder-el-last  flex_column_div av-zero-column-padding '     ><p><div  class='avia-slideshow av-av_slideshow-ae09956207ccd2c35eef7332129a594f avia-slideshow-extra_large av_slideshow avia-slide-slider  avia-builder-el-7  el_before_av_textblock  avia-builder-el-first  av-slideshow-ui av-slideshow-autoplay av-loop-endless av-loop-manual-endless av-default-height-applied avia-slideshow-1' data-slideshow-options=\"{&quot;animation&quot;:&quot;slide&quot;,&quot;autoplay&quot;:true,&quot;loop_autoplay&quot;:&quot;endless&quot;,&quot;interval&quot;:5,&quot;loop_manual&quot;:&quot;manual-endless&quot;,&quot;autoplay_stopper&quot;:false,&quot;noNavigation&quot;:false,&quot;bg_slider&quot;:false,&quot;keep_padding&quot;:false,&quot;hoverpause&quot;:false,&quot;show_slide_delay&quot;:0}\"  itemprop=\"image\" itemscope=\"itemscope\" itemtype=\"https:\/\/schema.org\/ImageObject\" ><ul class='avia-slideshow-inner ' style='padding-bottom: 66.333333333333%;'><li  class='avia-slideshow-slide av-av_slideshow-ae09956207ccd2c35eef7332129a594f__0  slide-1 slide-odd'><div data-rel='slideshow-1' class='avia-slide-wrap '   ><img decoding=\"async\" class=\"wp-image-4406 avia-img-lazy-loading-not-4406\"  src=\"https:\/\/www.mfa.aero\/wp-content\/uploads\/2016\/09\/DSCF0004_zugsp-1500x995.jpg\" width=\"1500\" height=\"995\" title='dscf0004_zugsp' alt=''  itemprop=\"thumbnailUrl\" srcset=\"https:\/\/www.mfa.aero\/wp-content\/uploads\/2016\/09\/DSCF0004_zugsp-1500x995.jpg 1500w, https:\/\/www.mfa.aero\/wp-content\/uploads\/2016\/09\/DSCF0004_zugsp-300x199.jpg 300w, https:\/\/www.mfa.aero\/wp-content\/uploads\/2016\/09\/DSCF0004_zugsp-768x509.jpg 768w, https:\/\/www.mfa.aero\/wp-content\/uploads\/2016\/09\/DSCF0004_zugsp-1030x683.jpg 1030w, https:\/\/www.mfa.aero\/wp-content\/uploads\/2016\/09\/DSCF0004_zugsp-705x468.jpg 705w, https:\/\/www.mfa.aero\/wp-content\/uploads\/2016\/09\/DSCF0004_zugsp-450x298.jpg 450w\" sizes=\"(max-width: 1500px) 100vw, 1500px\" \/><\/div><\/li><li  class='avia-slideshow-slide av-av_slideshow-ae09956207ccd2c35eef7332129a594f__1  slide-2 slide-even'><div data-rel='slideshow-1' class='avia-slide-wrap '   ><img decoding=\"async\" class=\"wp-image-4407 avia-img-lazy-loading-not-4407\"  src=\"https:\/\/www.mfa.aero\/wp-content\/uploads\/2016\/09\/Neuschwanstein.jpg\" width=\"427\" height=\"267\" title='neuschwanstein' alt=''  itemprop=\"thumbnailUrl\" srcset=\"https:\/\/www.mfa.aero\/wp-content\/uploads\/2016\/09\/Neuschwanstein.jpg 427w, https:\/\/www.mfa.aero\/wp-content\/uploads\/2016\/09\/Neuschwanstein-300x188.jpg 300w\" sizes=\"(max-width: 427px) 100vw, 427px\" \/><\/div><\/li><li  class='avia-slideshow-slide av-av_slideshow-ae09956207ccd2c35eef7332129a594f__2  slide-3 slide-odd'><div data-rel='slideshow-1' class='avia-slide-wrap '   ><img decoding=\"async\" class=\"wp-image-4408 avia-img-lazy-loading-not-4408\"  src=\"https:\/\/www.mfa.aero\/wp-content\/uploads\/2016\/09\/Zugspitze.jpg\" width=\"504\" height=\"346\" title='zugspitze' alt=''  itemprop=\"thumbnailUrl\" srcset=\"https:\/\/www.mfa.aero\/wp-content\/uploads\/2016\/09\/Zugspitze.jpg 504w, https:\/\/www.mfa.aero\/wp-content\/uploads\/2016\/09\/Zugspitze-300x206.jpg 300w, https:\/\/www.mfa.aero\/wp-content\/uploads\/2016\/09\/Zugspitze-450x309.jpg 450w\" sizes=\"(max-width: 504px) 100vw, 504px\" \/><\/div><\/li><\/ul><div class='avia-slideshow-arrows avia-slideshow-controls' ><a href='#prev' class='prev-slide ' aria-hidden='true' data-av_icon='\ue87c' data-av_iconfont='entypo-fontello'  tabindex='-1'>Zur\u00fcck<\/a><a href='#next' class='next-slide ' aria-hidden='true' data-av_icon='\ue87d' data-av_iconfont='entypo-fontello'  tabindex='-1'>Weiter<\/a><\/div><div class='avia-slideshow-dots avia-slideshow-controls'><a href='#1' class='goto-slide active' >1<\/a><a href='#2' class='goto-slide ' >2<\/a><a href='#3' class='goto-slide ' >3<\/a><\/div><\/div><br \/>\n<section  class='av_textblock_section av-av_textblock-0366cc7376be6c9e82a3e9cc8987b64f'  itemscope=\"itemscope\" itemtype=\"https:\/\/schema.org\/CreativeWork\" ><div class='avia_textblock'  itemprop=\"text\" ><p class=\"course-exc\"><span class=\"auto-style1\">Sicherheitshinweis:<\/span><\/p>\n<p class=\"course-exc\"><span class=\"auto-style1\">Zur Durchf\u00fchrung von Rund- und Streckenfl\u00fcgen mit Fluginteressierten \/ Passagieren sind Sicherheits-Standards f\u00fcr Flugzeug, Betrieb, Versicherung und Personal vorgeschrieben.<\/span><\/p>\n<p class=\"course-exc\"><span class=\"auto-style1\">Als Kunde erkennen Sie bei MFA die Erf\u00fcllung der gesetzlichen Sicherheits-Vorschriften an der Genehmigung des Luftfahrt-Bundesamtes Gen.Nr: DE.ATO.067 an.<\/span><\/p>\n<div class=\"course-meta\"><\/div>\n<div class=\"course-meta\"><\/div>\n<div class=\"course-meta\"><\/div>\n<\/div><\/section><\/p><\/div><\/p>\n","protected":false},"excerpt":{"rendered":"","protected":false},"author":3,"featured_media":0,"parent":0,"menu_order":0,"comment_status":"closed","ping_status":"closed","template":"","meta":[],"_links":{"self":[{"href":"https:\/\/www.mfa.aero\/de\/wp-json\/wp\/v2\/pages\/4366"}],"collection":[{"href":"https:\/\/www.mfa.aero\/de\/wp-json\/wp\/v2\/pages"}],"about":[{"href":"https:\/\/www.mfa.aero\/de\/wp-json\/wp\/v2\/types\/page"}],"author":[{"embeddable":true,"href":"https:\/\/www.mfa.aero\/de\/wp-json\/wp\/v2\/users\/3"}],"replies":[{"embeddable":true,"href":"https:\/\/www.mfa.aero\/de\/wp-json\/wp\/v2\/comments?post=4366"}],"version-history":[{"count":19,"href":"https:\/\/www.mfa.aero\/de\/wp-json\/wp\/v2\/pages\/4366\/revisions"}],"predecessor-version":[{"id":4416,"href":"https:\/\/www.mfa.aero\/de\/wp-json\/wp\/v2\/pages\/4366\/revisions\/4416"}],"wp:attachment":[{"href":"https:\/\/www.mfa.aero\/de\/wp-json\/wp\/v2\/media?parent=4366"}],"curies":[{"name":"wp","href":"https:\/\/api.w.org\/{rel}","templated":true}]}}