{"id":4210,"date":"2016-06-10T12:24:23","date_gmt":"2016-06-10T10:24:23","guid":{"rendered":"http:\/\/www.flugschule.com\/?page_id=4210&#038;lang=en"},"modified":"2016-12-26T01:37:58","modified_gmt":"2016-12-26T00:37:58","slug":"karriere","status":"publish","type":"page","link":"https:\/\/www.mfa.aero\/en\/service-fuer-piloten\/karriere\/","title":{"rendered":"Jobs"},"content":{"rendered":"<p>[English] \n<style type=\"text\/css\" data-created_by=\"avia_inline_auto\" id=\"style-css-av-av_one_half-9497bbf8bff73ea4c6992cc17fa9ec36\">\n.flex_column.av-av_one_half-9497bbf8bff73ea4c6992cc17fa9ec36{\n-webkit-border-radius:0px 0px 0px 0px;\n-moz-border-radius:0px 0px 0px 0px;\nborder-radius:0px 0px 0px 0px;\npadding:0px 0px 0px 0px;\n}\n<\/style>\n<div class='flex_column av-av_one_half-9497bbf8bff73ea4c6992cc17fa9ec36 av_one_half  avia-builder-el-0  el_before_av_one_half  avia-builder-el-first  first flex_column_div av-zero-column-padding '     ><p>\n<style type=\"text\/css\" data-created_by=\"avia_inline_auto\" id=\"style-css-av-av_hr-2cbb168f430c2703d7334a37c20dcc76\">\n#top .hr.hr-invisible.av-av_hr-2cbb168f430c2703d7334a37c20dcc76{\nheight:100px;\n}\n<\/style>\n<div  class='hr av-av_hr-2cbb168f430c2703d7334a37c20dcc76 hr-invisible  avia-builder-el-1  el_before_av_textblock  avia-builder-el-first '><span class='hr-inner '><span class=\"hr-inner-style\"><\/span><\/span><\/div><br \/>\n<section  class='av_textblock_section av-av_textblock-0366cc7376be6c9e82a3e9cc8987b64f'  itemscope=\"itemscope\" itemtype=\"https:\/\/schema.org\/CreativeWork\" ><div class='avia_textblock'  itemprop=\"text\" ><h3><span style=\"font-family: arial, helvetica, sans-serif; color: #003366;\">Fluglehrer f\u00c3\u00bcr den Flugplatz Augsburg gesucht !<\/span><\/h3>\n<p><span style=\"font-family: arial, helvetica, sans-serif; color: #003366;\">Haben Sie Spa\u00c3\u0178 anderen die Faszination des Fliegens zu vermitteln ?<\/span><\/p>\n<p><span style=\"font-family: arial, helvetica, sans-serif; color: #003366;\">M\u00c3\u00b6chten Sie die Ausbildung zum Fluglehrer machen ?<\/span><\/p>\n<p><span style=\"font-family: arial, helvetica, sans-serif; color: #003366;\">Sie sind Fluglehrer und w\u00c3\u00bcrden gerne in unserem Team mitmachen ?<\/span><\/p>\n<p><span style=\"font-family: arial, helvetica, sans-serif; color: #003366;\">Wir freuen uns auf Ihre R\u00c3\u00bcckmeldung !<\/span><\/p>\n<h2><\/h2>\n<h3><\/h3>\n<\/div><\/section><br \/>\n\n<style type=\"text\/css\" data-created_by=\"avia_inline_auto\" id=\"style-css-av-av_hr-22b2c95b934dc9c4342fef8b904fb51c\">\n#top .hr.hr-invisible.av-av_hr-22b2c95b934dc9c4342fef8b904fb51c{\nheight:70px;\n}\n<\/style>\n<div  class='hr av-av_hr-22b2c95b934dc9c4342fef8b904fb51c hr-invisible  avia-builder-el-3  el_after_av_textblock  el_before_av_textblock '><span class='hr-inner '><span class=\"hr-inner-style\"><\/span><\/span><\/div><br \/>\n<section  class='av_textblock_section av-av_textblock-0366cc7376be6c9e82a3e9cc8987b64f'  itemscope=\"itemscope\" itemtype=\"https:\/\/schema.org\/CreativeWork\" ><div class='avia_textblock'  itemprop=\"text\" ><h3><\/h3>\n<h2><\/h2>\n<h3><span style=\"font-family: arial, helvetica, sans-serif; color: #003366;\">im Rahmen unserer Flugausbildung f\u00c3\u00bchren wir durch:<\/span><\/h3>\n<p><span style=\"font-family: arial, helvetica, sans-serif; color: #003366;\">&#8211; die Ausbildung zum Fluglehrer<\/span><\/p>\n<p><span style=\"font-family: arial, helvetica, sans-serif; color: #003366;\">&#8211; die Weiterbildung zum Fluglehrer f\u00c3\u00bcr Instrumentenflug oder mehrmotorige Flugzeuge<\/span><\/p>\n<p><span style=\"font-family: arial, helvetica, sans-serif; color: #003366;\">&#8211; Fluglehrerfortbildungen \/ Auffrischungsseminare zur Fluglehrerverl\u00c3\u00a4ngerung<\/span><\/p>\n<p><span style=\"font-family: arial, helvetica, sans-serif; color: #003366;\">&#8211; Kompetenzbeurteilungen gem\u00c3\u00a4\u00c3\u0178 FCL.935 f\u00c3\u00bcr alle Fluglehrerberechtigungen<\/span><\/p>\n<\/div><\/section><br \/>\n<div  class='hr av-av_hr-dcd2069817a0e3d34ae04cad8f3443c7 hr-default  avia-builder-el-5  el_after_av_textblock  el_before_av_notification '><span class='hr-inner '><span class=\"hr-inner-style\"><\/span><\/span><\/div><br \/>\n<div id='avia-messagebox-' class='avia_message_box av_notification av-av_notification-7798744192e83868cbc52ac107bb380a avia-color-green avia-size-large avia-icon_select-yes avia-border-  avia-builder-el-6  el_after_av_hr  el_before_av_button_big  avia-builder-el-last ' ><div class=\"avia_message_box_content\"><span class='avia_message_box_icon' aria-hidden='true' data-av_icon='\ue81f' data-av_iconfont='entypo-fontello'><\/span><p>Wir freuen uns auf Ihre R\u00c3\u00bcckmeldung !<\/p>\n<\/div><\/div><br \/>\n<div  class='avia-button-wrap avia-button-center  avia-builder-el-7  el_after_av_notification  avia-builder-el-last '>\n<style type=\"text\/css\" data-created_by=\"avia_inline_auto\" id=\"style-css-av-av_button_big-33b3b08707a2c32aa012721c51093187\">\n#top #wrap_all .avia-button.av-av_button_big-33b3b08707a2c32aa012721c51093187{\ncolor:#ffffff;\n-webkit-transition:all 0.4s ease-in-out;\n-moz-transition:all 0.4s ease-in-out;\n-ms-transition:all 0.4s ease-in-out;\n-o-transition:all 0.4s ease-in-out;\ntransition:all 0.4s ease-in-out;\n}\n#top #wrap_all .avia-button.av-av_button_big-33b3b08707a2c32aa012721c51093187:hover{\nbackground-color:grey;\ncolor:#ffffff;\n-webkit-transition:all 0.4s ease-in-out;\n-moz-transition:all 0.4s ease-in-out;\n-ms-transition:all 0.4s ease-in-out;\n-o-transition:all 0.4s ease-in-out;\ntransition:all 0.4s ease-in-out;\n}\n<\/style>\n<a href='https:\/\/www.mfa.aero\/de\/kontakt\/' class='avia-color-theme-color avia-button avia-button-fullwidth av-av_button_big-33b3b08707a2c32aa012721c51093187 avia-icon_select-no avia-color-theme-color'  ><span class='avia_iconbox_title' >Anfrage<\/span><\/a><\/div><\/p><\/div>\n<style type=\"text\/css\" data-created_by=\"avia_inline_auto\" id=\"style-css-av-av_one_half-9c1d454dc06f7247226bc4e8f931daae\">\n.flex_column.av-av_one_half-9c1d454dc06f7247226bc4e8f931daae{\n-webkit-border-radius:0px 0px 0px 0px;\n-moz-border-radius:0px 0px 0px 0px;\nborder-radius:0px 0px 0px 0px;\npadding:0px 0px 0px 0px;\n}\n<\/style>\n<div class='flex_column av-av_one_half-9c1d454dc06f7247226bc4e8f931daae av_one_half  avia-builder-el-8  el_after_av_one_half  avia-builder-el-last  flex_column_div av-zero-column-padding '     ><style type=\"text\/css\" data-created_by=\"avia_inline_auto\" id=\"style-css-av-av_image-99e4fd3f90fa0e985406544c76f5a7da\">\n.avia-image-container.av-av_image-99e4fd3f90fa0e985406544c76f5a7da img.avia_image{\nbox-shadow:none;\n}\n.avia-image-container.av-av_image-99e4fd3f90fa0e985406544c76f5a7da .av-image-caption-overlay-center{\ncolor:#ffffff;\n}\n<\/style>\n<div  class='avia-image-container av-av_image-99e4fd3f90fa0e985406544c76f5a7da av-styling- avia-align-center  avia-builder-el-9  avia-builder-el-no-sibling '   itemprop=\"image\" itemscope=\"itemscope\" itemtype=\"https:\/\/schema.org\/ImageObject\" ><div class=\"avia-image-container-inner\"><div class=\"avia-image-overlay-wrap\"><img decoding=\"async\" class='wp-image-5101 avia-img-lazy-loading-not-5101 avia_image ' src=\"https:\/\/www.mfa.aero\/wp-content\/uploads\/2016\/06\/fi_stelle_mfa_2016_09-1.jpg\" alt='' title='[English] fi_stelle_mfa_2016_09'  height=\"2339\" width=\"1654\"  itemprop=\"thumbnailUrl\" srcset=\"https:\/\/www.mfa.aero\/wp-content\/uploads\/2016\/06\/fi_stelle_mfa_2016_09-1.jpg 1654w, https:\/\/www.mfa.aero\/wp-content\/uploads\/2016\/06\/fi_stelle_mfa_2016_09-1-212x300.jpg 212w, https:\/\/www.mfa.aero\/wp-content\/uploads\/2016\/06\/fi_stelle_mfa_2016_09-1-768x1086.jpg 768w, https:\/\/www.mfa.aero\/wp-content\/uploads\/2016\/06\/fi_stelle_mfa_2016_09-1-728x1030.jpg 728w, https:\/\/www.mfa.aero\/wp-content\/uploads\/2016\/06\/fi_stelle_mfa_2016_09-1-1061x1500.jpg 1061w, https:\/\/www.mfa.aero\/wp-content\/uploads\/2016\/06\/fi_stelle_mfa_2016_09-1-499x705.jpg 499w, https:\/\/www.mfa.aero\/wp-content\/uploads\/2016\/06\/fi_stelle_mfa_2016_09-1-450x636.jpg 450w\" sizes=\"(max-width: 1654px) 100vw, 1654px\" \/><\/div><\/div><\/div><\/div><\/p>\n","protected":false},"excerpt":{"rendered":"<p>[English]<\/p>\n","protected":false},"author":2,"featured_media":0,"parent":4208,"menu_order":0,"comment_status":"closed","ping_status":"closed","template":"","meta":[],"_links":{"self":[{"href":"https:\/\/www.mfa.aero\/en\/wp-json\/wp\/v2\/pages\/4210"}],"collection":[{"href":"https:\/\/www.mfa.aero\/en\/wp-json\/wp\/v2\/pages"}],"about":[{"href":"https:\/\/www.mfa.aero\/en\/wp-json\/wp\/v2\/types\/page"}],"author":[{"embeddable":true,"href":"https:\/\/www.mfa.aero\/en\/wp-json\/wp\/v2\/users\/2"}],"replies":[{"embeddable":true,"href":"https:\/\/www.mfa.aero\/en\/wp-json\/wp\/v2\/comments?post=4210"}],"version-history":[{"count":5,"href":"https:\/\/www.mfa.aero\/en\/wp-json\/wp\/v2\/pages\/4210\/revisions"}],"predecessor-version":[{"id":5649,"href":"https:\/\/www.mfa.aero\/en\/wp-json\/wp\/v2\/pages\/4210\/revisions\/5649"}],"up":[{"embeddable":true,"href":"https:\/\/www.mfa.aero\/en\/wp-json\/wp\/v2\/pages\/4208"}],"wp:attachment":[{"href":"https:\/\/www.mfa.aero\/en\/wp-json\/wp\/v2\/media?parent=4210"}],"curies":[{"name":"wp","href":"https:\/\/api.w.org\/{rel}","templated":true}]}}