{"id":5490,"date":"2016-12-23T21:38:55","date_gmt":"2016-12-23T20:38:55","guid":{"rendered":"https:\/\/mfa.uber.space\/?page_id=5490\/"},"modified":"2016-12-30T19:53:17","modified_gmt":"2016-12-30T18:53:17","slug":"intern","status":"publish","type":"page","link":"https:\/\/www.mfa.aero\/en\/service-fuer-piloten\/intern\/","title":{"rendered":"Internal Area"},"content":{"rendered":"<h3><span style=\"color: #000080; font-family: arial, helvetica, sans-serif;\">Bitte w\u00e4hlen Sie \u00fcber das Men\u00fc einen gesch\u00fctzten Bereich aus und geben Sie das Zugangspasswort ein !<\/span><\/h3>\n<p><span style=\"font-family: arial, helvetica, sans-serif; color: #000080;\">f\u00fcr Charterer: \u00a0 \u00a0 \u00a0 \u00a0 \u00a0 \u00a0 \u00a0 \u00a0 \u00a0 \u00a0 \u00a0 \u00a0 \u00a0 \u00a0 \u00a0 \u00a0 \u00a0 \u00a0 \u00a0(PLZ B\u00fcro M\u00fcnchen)charterer<\/span><\/p>\n<p><span style=\"font-family: arial, helvetica, sans-serif; color: #000080;\">for Pilot Student PPL &amp; NFQ: \u00a0 \u00a0 \u00a0 \u00a0 \u00a0 \u00a0 (PLZ B\u00fcro Augsburg)flugschueler<\/span><\/p>\n<p><span style=\"font-family: arial, helvetica, sans-serif; color: #000080;\">for Pilot Student IR, EIR, CB-IR: \u00a0 \u00a0 \u00a0 \u00a0(ask office\u2026\u2026..)flugschueler<\/span><\/p>\n<p><span style=\"font-family: arial, helvetica, sans-serif; color: #000080;\">for Pilot Student ATPL: \u00a0 \u00a0 \u00a0 \u00a0 \u00a0 \u00a0 \u00a0 \u00a0 \u00a0 \u00a0 \u00a0(ask office\u2026\u2026..)flugschueler<\/span><\/p>\n<p><span style=\"font-family: arial, helvetica, sans-serif; color: #000080;\">for Instructor: \u00a0 \u00a0 \u00a0 \u00a0 \u00a0 \u00a0 \u00a0 \u00a0 \u00a0 \u00a0 \u00a0 \u00a0 \u00a0 \u00a0 \u00a0 \u00a0 \u00a0 \u00a0 (ask office\u2026.\u2026.)das wissen die Fluglehrer!<\/span><\/p>\n","protected":false},"excerpt":{"rendered":"<p>Bitte w\u00e4hlen Sie \u00fcber das Men\u00fc einen gesch\u00fctzten Bereich aus und geben Sie das Zugangspasswort ein ! f\u00fcr Charterer: \u00a0 \u00a0 \u00a0 \u00a0 \u00a0 \u00a0 \u00a0 \u00a0 \u00a0 \u00a0 \u00a0 \u00a0 \u00a0 \u00a0 \u00a0 \u00a0 \u00a0 \u00a0 \u00a0(PLZ B\u00fcro M\u00fcnchen)charterer for Pilot Student PPL &amp; NFQ: \u00a0 \u00a0 \u00a0 \u00a0 \u00a0 \u00a0 (PLZ B\u00fcro Augsburg)flugschueler [&hellip;]<\/p>\n","protected":false},"author":2,"featured_media":0,"parent":4208,"menu_order":0,"comment_status":"closed","ping_status":"closed","template":"","meta":[],"_links":{"self":[{"href":"https:\/\/www.mfa.aero\/en\/wp-json\/wp\/v2\/pages\/5490"}],"collection":[{"href":"https:\/\/www.mfa.aero\/en\/wp-json\/wp\/v2\/pages"}],"about":[{"href":"https:\/\/www.mfa.aero\/en\/wp-json\/wp\/v2\/types\/page"}],"author":[{"embeddable":true,"href":"https:\/\/www.mfa.aero\/en\/wp-json\/wp\/v2\/users\/2"}],"replies":[{"embeddable":true,"href":"https:\/\/www.mfa.aero\/en\/wp-json\/wp\/v2\/comments?post=5490"}],"version-history":[{"count":7,"href":"https:\/\/www.mfa.aero\/en\/wp-json\/wp\/v2\/pages\/5490\/revisions"}],"predecessor-version":[{"id":5856,"href":"https:\/\/www.mfa.aero\/en\/wp-json\/wp\/v2\/pages\/5490\/revisions\/5856"}],"up":[{"embeddable":true,"href":"https:\/\/www.mfa.aero\/en\/wp-json\/wp\/v2\/pages\/4208"}],"wp:attachment":[{"href":"https:\/\/www.mfa.aero\/en\/wp-json\/wp\/v2\/media?parent=5490"}],"curies":[{"name":"wp","href":"https:\/\/api.w.org\/{rel}","templated":true}]}}